{"id":84,"date":"2023-05-18T12:11:08","date_gmt":"2023-05-18T12:11:08","guid":{"rendered":"https:\/\/praxisbaeyer.de\/?page_id=84"},"modified":"2024-03-23T13:50:13","modified_gmt":"2024-03-23T13:50:13","slug":"pep-nach-dr-bohne-lernen-sie-sich-selbst-zu-helfen","status":"publish","type":"page","link":"https:\/\/praxisbaeyer.de\/?page_id=84","title":{"rendered":"PEP\u00ae (nach Dr. Bohne) &#8211; Lernen Sie, sich selbst zu helfen"},"content":{"rendered":"\n<p>PEP wurde entwickelt von Dr. Michael Bohne. Diese Methode ist schnell, dynamisch, humorvoll\u00a0und immer wieder \u00fcberraschend effektiv. Sie kombiniert\u00a0taktile Reize mit belastenden\u00a0Emotionen und verkn\u00fcpft diese mit einer immer wieder \u00fcberraschenden und kreativen sprachlichen Bearbeitung.\u00a0Diese\u00a0<strong><u>P<\/u><\/strong>rozessorientierte und <strong>E<\/strong>mbodimentfokussierte\u00a0<strong>P<\/strong>sychologie\u00a0entstand durch einf\u00fchlsame  Zusammenf\u00fchrung und vor allem intelligente Weiterentwicklung bekannter Interventionsverfahren.<\/p>\n\n\n\n<p>PEP ist leicht erlernbar und dann zur besseren Bew\u00e4ltigung st\u00f6render Emotionen oder belastender Situationen anzuwenden. Auch l\u00e4nger bestehende Blockaden auf dem Weg zu einem erf\u00fcllten Leben lassen sich mittels PEP aufsp\u00fcren und bew\u00e4ltigen. Hier er\u00f6ffnen sich M\u00f6glichkeiten, auch ohne Coaching oder Therapie gest\u00e4rkt durch schwere Zeiten zu gehen. Wer wirklich etwas ver\u00e4ndern will, sollte diese Methode kennen!<\/p>\n\n\n\n<p>Bei komplexen Themen l\u00e4sst sich PEP nat\u00fcrlich auch in Beratung und Coaching integrieren und diese dadurch bemerkenswert verk\u00fcrzen.<\/p>\n","protected":false},"excerpt":{"rendered":"<p>PEP wurde entwickelt von Dr. Michael Bohne. Diese Methode ist schnell, dynamisch, humorvoll\u00a0und immer wieder \u00fcberraschend effektiv. Sie kombiniert\u00a0taktile Reize mit belastenden\u00a0Emotionen und verkn\u00fcpft diese mit einer immer wieder \u00fcberraschenden und kreativen sprachlichen Bearbeitung.\u00a0Diese\u00a0Prozessorientierte und Embodimentfokussierte\u00a0Psychologie\u00a0entstand durch einf\u00fchlsame Zusammenf\u00fchrung und vor allem intelligente Weiterentwicklung bekannter Interventionsverfahren. PEP ist leicht erlernbar und dann zur besseren Bew\u00e4ltigung&hellip; <a class=\"more-link\" href=\"https:\/\/praxisbaeyer.de\/?page_id=84\"><span class=\"screen-reader-text\">PEP\u00ae (nach Dr. Bohne) &#8211; Lernen Sie, sich selbst zu helfen<\/span> weiterlesen<\/a><\/p>\n","protected":false},"author":1,"featured_media":0,"parent":0,"menu_order":5,"comment_status":"closed","ping_status":"closed","template":"","meta":{"footnotes":""},"_links":{"self":[{"href":"https:\/\/praxisbaeyer.de\/index.php?rest_route=\/wp\/v2\/pages\/84"}],"collection":[{"href":"https:\/\/praxisbaeyer.de\/index.php?rest_route=\/wp\/v2\/pages"}],"about":[{"href":"https:\/\/praxisbaeyer.de\/index.php?rest_route=\/wp\/v2\/types\/page"}],"author":[{"embeddable":true,"href":"https:\/\/praxisbaeyer.de\/index.php?rest_route=\/wp\/v2\/users\/1"}],"replies":[{"embeddable":true,"href":"https:\/\/praxisbaeyer.de\/index.php?rest_route=%2Fwp%2Fv2%2Fcomments&post=84"}],"version-history":[{"count":2,"href":"https:\/\/praxisbaeyer.de\/index.php?rest_route=\/wp\/v2\/pages\/84\/revisions"}],"predecessor-version":[{"id":88,"href":"https:\/\/praxisbaeyer.de\/index.php?rest_route=\/wp\/v2\/pages\/84\/revisions\/88"}],"wp:attachment":[{"href":"https:\/\/praxisbaeyer.de\/index.php?rest_route=%2Fwp%2Fv2%2Fmedia&parent=84"}],"curies":[{"name":"wp","href":"https:\/\/api.w.org\/{rel}","templated":true}]}}